{"id":996,"date":"2020-10-06T19:00:52","date_gmt":"2020-10-06T17:00:52","guid":{"rendered":"https:\/\/confiteriasanvy.com\/nacional\/?post_type=product&#038;p=996"},"modified":"2022-11-18T12:38:35","modified_gmt":"2022-11-18T10:38:35","slug":"pan_especial_bienestar","status":"publish","type":"product","link":"https:\/\/confiteriasanvy.com\/nacional\/producto\/pan_especial_bienestar\/","title":{"rendered":"Bienestar"},"content":{"rendered":"<p>[vc_row][vc_column][\/vc_column][\/vc_row]<\/p>\n","protected":false},"excerpt":{"rendered":"<p>Una mezcla estupenda de harina de trigo, centeno y malta, fermentado con masa madre y semillas de s\u00e9samo y linaza.<\/p>\n<p>Este pan es esponjoso y con una corteza suave.<\/p>\n<p>Su formato tipo panecillo te permite cortarlo en rebanadas.<\/p>\n<p>Cada unidad tiene un peso aproximado de 600gr.<\/p>\n<p>Contiene Gluten y Frutos de C\u00e1scara.<\/p>\n<p><strong>Este producto pertenece a nuestra venta online a nivel nacional (env\u00edo \u00fanicamente a la pen\u00ednsula). Si desea consultar dicho producto para reparto en Le\u00f3n capital y su alfoz, entre en nuestra tienda online local. Gracias.<\/strong><\/p>\n<p>&nbsp;<\/p>\n","protected":false},"featured_media":998,"template":"","meta":[],"product_cat":[70],"product_tag":[],"_links":{"self":[{"href":"https:\/\/confiteriasanvy.com\/nacional\/wp-json\/wp\/v2\/product\/996"}],"collection":[{"href":"https:\/\/confiteriasanvy.com\/nacional\/wp-json\/wp\/v2\/product"}],"about":[{"href":"https:\/\/confiteriasanvy.com\/nacional\/wp-json\/wp\/v2\/types\/product"}],"wp:featuredmedia":[{"embeddable":true,"href":"https:\/\/confiteriasanvy.com\/nacional\/wp-json\/wp\/v2\/media\/998"}],"wp:attachment":[{"href":"https:\/\/confiteriasanvy.com\/nacional\/wp-json\/wp\/v2\/media?parent=996"}],"wp:term":[{"taxonomy":"product_cat","embeddable":true,"href":"https:\/\/confiteriasanvy.com\/nacional\/wp-json\/wp\/v2\/product_cat?post=996"},{"taxonomy":"product_tag","embeddable":true,"href":"https:\/\/confiteriasanvy.com\/nacional\/wp-json\/wp\/v2\/product_tag?post=996"}],"curies":[{"name":"wp","href":"https:\/\/api.w.org\/{rel}","templated":true}]}}