{"id":670,"date":"2020-09-19T18:39:10","date_gmt":"2020-09-19T16:39:10","guid":{"rendered":"https:\/\/confiteriasanvy.com\/nacional\/?post_type=product&#038;p=670"},"modified":"2022-11-18T12:41:47","modified_gmt":"2022-11-18T10:41:47","slug":"croissant-de-mantequilla","status":"publish","type":"product","link":"https:\/\/confiteriasanvy.com\/nacional\/producto\/croissant-de-mantequilla\/","title":{"rendered":"Croissant de mantequilla"},"content":{"rendered":"<p>[vc_row][vc_column][vc_column_text]Nuestros croissants de mantequilla artesanos, se elaboran y hornean a diario en nuestro obrador.<\/p>\n<p>Su textura es crujiente y hojaldrada por fuera, a la par que suave por dentro.<\/p>\n<p>&nbsp;<\/p>\n<p>&nbsp;<\/p>\n<p>[\/vc_column_text][\/vc_column][\/vc_row]<\/p>\n","protected":false},"excerpt":{"rendered":"<p>Nuestros croissants de mantequilla artesanos, se elaboran y hornean a diario en nuestro obrador.<\/p>\n<p>&nbsp;<\/p>\n<p><strong>Este producto pertenece a nuestra venta online a nivel nacional (env\u00edo \u00fanicamente a la pen\u00ednsula). Si desea consultar dicho producto para reparto en Le\u00f3n capital y su alfoz, entre en nuestra tienda online local. Gracias.<\/strong><\/p>\n","protected":false},"featured_media":796,"template":"","meta":[],"product_cat":[45],"product_tag":[],"_links":{"self":[{"href":"https:\/\/confiteriasanvy.com\/nacional\/wp-json\/wp\/v2\/product\/670"}],"collection":[{"href":"https:\/\/confiteriasanvy.com\/nacional\/wp-json\/wp\/v2\/product"}],"about":[{"href":"https:\/\/confiteriasanvy.com\/nacional\/wp-json\/wp\/v2\/types\/product"}],"wp:featuredmedia":[{"embeddable":true,"href":"https:\/\/confiteriasanvy.com\/nacional\/wp-json\/wp\/v2\/media\/796"}],"wp:attachment":[{"href":"https:\/\/confiteriasanvy.com\/nacional\/wp-json\/wp\/v2\/media?parent=670"}],"wp:term":[{"taxonomy":"product_cat","embeddable":true,"href":"https:\/\/confiteriasanvy.com\/nacional\/wp-json\/wp\/v2\/product_cat?post=670"},{"taxonomy":"product_tag","embeddable":true,"href":"https:\/\/confiteriasanvy.com\/nacional\/wp-json\/wp\/v2\/product_tag?post=670"}],"curies":[{"name":"wp","href":"https:\/\/api.w.org\/{rel}","templated":true}]}}