{"id":14720,"date":"2022-11-18T14:16:51","date_gmt":"2022-11-18T12:16:51","guid":{"rendered":"https:\/\/confiteriasanvy.com\/nacional\/?post_type=product&#038;p=14720"},"modified":"2022-11-18T14:24:04","modified_gmt":"2022-11-18T12:24:04","slug":"turron-de-almendra","status":"publish","type":"product","link":"https:\/\/confiteriasanvy.com\/nacional\/producto\/turron-de-almendra\/","title":{"rendered":"Turron de almendra"},"content":{"rendered":"<p>[vc_row][vc_column][vc_column_text]Nuestro turr\u00f3n se elabora en grandes bloques, como se hac\u00eda antes.<\/p>\n<p>Cortamos las tabletas a mano, y \u00e9stas son de un peso aproximado de 200-225 gr.<\/p>\n<p><strong>Este producto pertenece a nuestra venta online a nivel nacional (env\u00edo \u00fanicamente a la pen\u00ednsula). Si desea consultar dicho producto para reparto en Le\u00f3n capital y su alfoz, entre en nuestra tienda online local. Gracias.<\/strong>[\/vc_column_text][\/vc_column][\/vc_row]<\/p>\n","protected":false},"excerpt":{"rendered":"<p>Nuestro turr\u00f3n mas tradicional!<\/p>\n<p>Elaborado con chocolate blanco, almendra marcona y miel. Con el sabor de el aut\u00e9ntico turr\u00f3n blando, pero elaborado de manera artesanal en nuestro obrador.<\/p>\n<p>Nuestro turr\u00f3n se elabora en grandes bloques, como se hac\u00eda antes.<\/p>\n<p>Se vende en tabletas individuales de unos 200 gr aproximadamente.<\/p>\n<p>Contiene Leche, Frutos de C\u00e1scara, y puede contener trazas de Gluten.<\/p>\n<p><strong>Este producto pertenece a nuestra tienda online nacional. Si vives o\u00a0quieres enviarlo a Le\u00f3n capital o su alfoz, has de entrar en nuestra tienda online local.<\/strong><\/p>\n<p>&nbsp;<\/p>\n","protected":false},"featured_media":14722,"template":"","meta":[],"product_cat":[67],"product_tag":[],"_links":{"self":[{"href":"https:\/\/confiteriasanvy.com\/nacional\/wp-json\/wp\/v2\/product\/14720"}],"collection":[{"href":"https:\/\/confiteriasanvy.com\/nacional\/wp-json\/wp\/v2\/product"}],"about":[{"href":"https:\/\/confiteriasanvy.com\/nacional\/wp-json\/wp\/v2\/types\/product"}],"wp:featuredmedia":[{"embeddable":true,"href":"https:\/\/confiteriasanvy.com\/nacional\/wp-json\/wp\/v2\/media\/14722"}],"wp:attachment":[{"href":"https:\/\/confiteriasanvy.com\/nacional\/wp-json\/wp\/v2\/media?parent=14720"}],"wp:term":[{"taxonomy":"product_cat","embeddable":true,"href":"https:\/\/confiteriasanvy.com\/nacional\/wp-json\/wp\/v2\/product_cat?post=14720"},{"taxonomy":"product_tag","embeddable":true,"href":"https:\/\/confiteriasanvy.com\/nacional\/wp-json\/wp\/v2\/product_tag?post=14720"}],"curies":[{"name":"wp","href":"https:\/\/api.w.org\/{rel}","templated":true}]}}