{"id":14677,"date":"2022-02-02T18:11:45","date_gmt":"2022-02-02T16:11:45","guid":{"rendered":"https:\/\/confiteriasanvy.com\/nacional\/?post_type=product&#038;p=14677"},"modified":"2022-02-02T18:20:09","modified_gmt":"2022-02-02T16:20:09","slug":"brownie-del-amor-2","status":"publish","type":"product","link":"https:\/\/confiteriasanvy.com\/nacional\/producto\/brownie-del-amor-2\/","title":{"rendered":"Brownie del amor"},"content":{"rendered":"<p>[vc_row][vc_column][\/vc_column][\/vc_row]<\/p>\n","protected":false},"excerpt":{"rendered":"<p>Un delicioso Brownie de chocolate con nueces y pepitas de chocolate con leche.<\/p>\n<p>Decorado con chocolatinas variadas con mensaje de \u201cte amo\u201d.<\/p>\n<p>Peso aprox 600grs<\/p>\n<p><strong>Este producto pertenece a nuestra venta online a nivel nacional (env\u00edo \u00fanicamente a la pen\u00ednsula). Si desea consultar dicho producto para reparto en Le\u00f3n capital y su alfoz, entre en nuestra tienda online local. Gracias<\/strong><\/p>\n<p><strong>Dado que nuestra empresa de mensajer\u00eda no trabaja los fines de semana, los productos de nuestra tienda online nacional s\u00f3lo se env\u00edan los martes, mi\u00e9rcoles y jueves, a fin de evitar que \u00e9stos queden paralizados en sus dependencias durante varios d\u00edas.<br \/>\nEn el caso de que aun as\u00ed, usted quiera recibirlo un lunes, h\u00e1ganoslo saber y se lo entregaremos a dicha empresa de paqueter\u00eda el viernes anterior.<\/strong><\/p>\n","protected":false},"featured_media":14679,"template":"","meta":[],"product_cat":[42,162],"product_tag":[],"_links":{"self":[{"href":"https:\/\/confiteriasanvy.com\/nacional\/wp-json\/wp\/v2\/product\/14677"}],"collection":[{"href":"https:\/\/confiteriasanvy.com\/nacional\/wp-json\/wp\/v2\/product"}],"about":[{"href":"https:\/\/confiteriasanvy.com\/nacional\/wp-json\/wp\/v2\/types\/product"}],"wp:featuredmedia":[{"embeddable":true,"href":"https:\/\/confiteriasanvy.com\/nacional\/wp-json\/wp\/v2\/media\/14679"}],"wp:attachment":[{"href":"https:\/\/confiteriasanvy.com\/nacional\/wp-json\/wp\/v2\/media?parent=14677"}],"wp:term":[{"taxonomy":"product_cat","embeddable":true,"href":"https:\/\/confiteriasanvy.com\/nacional\/wp-json\/wp\/v2\/product_cat?post=14677"},{"taxonomy":"product_tag","embeddable":true,"href":"https:\/\/confiteriasanvy.com\/nacional\/wp-json\/wp\/v2\/product_tag?post=14677"}],"curies":[{"name":"wp","href":"https:\/\/api.w.org\/{rel}","templated":true}]}}