{"id":11940,"date":"2020-12-02T20:24:42","date_gmt":"2020-12-02T18:24:42","guid":{"rendered":"https:\/\/confiteriasanvy.com\/nacional\/?post_type=product&#038;p=11940"},"modified":"2022-11-18T12:35:50","modified_gmt":"2022-11-18T10:35:50","slug":"la-hora-del-biermu","status":"publish","type":"product","link":"https:\/\/confiteriasanvy.com\/nacional\/producto\/la-hora-del-biermu\/","title":{"rendered":"La hora del Bierm\u00fa"},"content":{"rendered":"<p>[vc_row][vc_column][vc_column_text]<strong>Contiene:<\/strong><\/p>\n<ul>\n<li>Bierm\u00fa rojo, de las bodegas de Prada a Tope<\/li>\n<li>100 g de tostadas de pan brioche artesano, elaborado en nuestro obrador.<\/li>\n<li>100 g de Cecina de vaca de Palcarsa<\/li>\n<li>70 g de Jam\u00f3n ib\u00e9rico de cebo<\/li>\n<li>Crema de queso azul de Valde\u00f3n<\/li>\n<li>Hogaza de pan de centeno con pasas y nueces, fermentado con masa madre y elaborado en nuestro obrador<\/li>\n<li>Todo ello envuelto en un precioso packaging<\/li>\n<\/ul>\n<p>Acu\u00e9rdate de escribir la dedicatoria que quieres que le pongamos al receptor\/a<\/p>\n<p><strong>Este producto pertenece a nuestra venta online a nivel nacional (env\u00edo \u00fanicamente a la pen\u00ednsula). Si desea consultar dicho producto para reparto en Le\u00f3n capital y su alfoz, entre en nuestra tienda online local. Gracias.<\/strong>[\/vc_column_text][\/vc_column][\/vc_row]<\/p>\n","protected":false},"excerpt":{"rendered":"<p>Esta cesta gourmet es perfecta para un picoteo de altura!<\/p>\n<p>Con productos de la tierrina para que disfrutes de tu momento, con los tuyos!<\/p>\n<p>&nbsp;<\/p>\n","protected":false},"featured_media":11941,"template":"","meta":[],"product_cat":[170,161],"product_tag":[],"_links":{"self":[{"href":"https:\/\/confiteriasanvy.com\/nacional\/wp-json\/wp\/v2\/product\/11940"}],"collection":[{"href":"https:\/\/confiteriasanvy.com\/nacional\/wp-json\/wp\/v2\/product"}],"about":[{"href":"https:\/\/confiteriasanvy.com\/nacional\/wp-json\/wp\/v2\/types\/product"}],"wp:featuredmedia":[{"embeddable":true,"href":"https:\/\/confiteriasanvy.com\/nacional\/wp-json\/wp\/v2\/media\/11941"}],"wp:attachment":[{"href":"https:\/\/confiteriasanvy.com\/nacional\/wp-json\/wp\/v2\/media?parent=11940"}],"wp:term":[{"taxonomy":"product_cat","embeddable":true,"href":"https:\/\/confiteriasanvy.com\/nacional\/wp-json\/wp\/v2\/product_cat?post=11940"},{"taxonomy":"product_tag","embeddable":true,"href":"https:\/\/confiteriasanvy.com\/nacional\/wp-json\/wp\/v2\/product_tag?post=11940"}],"curies":[{"name":"wp","href":"https:\/\/api.w.org\/{rel}","templated":true}]}}