{"id":1007,"date":"2020-10-06T20:13:05","date_gmt":"2020-10-06T18:13:05","guid":{"rendered":"https:\/\/confiteriasanvy.com\/nacional\/?post_type=product&#038;p=1007"},"modified":"2022-11-18T12:36:05","modified_gmt":"2022-11-18T10:36:05","slug":"centeno","status":"publish","type":"product","link":"https:\/\/confiteriasanvy.com\/nacional\/producto\/centeno\/","title":{"rendered":"Centeno"},"content":{"rendered":"<p>[vc_row][vc_column][\/vc_column][\/vc_row]<\/p>\n","protected":false},"excerpt":{"rendered":"<p>Un pan fermentado con masa madre, donde predomina la harina de centeno, y al que se le a\u00f1aden ricas semillas, que har\u00e1n que cada bocado sea sorprendente.<\/p>\n<p>Es un pan mas compacto, pero sin dejar de ser esponjoso. Con corteza suave y ligera.<\/p>\n<p>Su formato es tipo molde, lo que te permite cortarlo en rebanadas.<\/p>\n<p>Cada unidad tiene un peso aproximado de 700gr.<\/p>\n<p>Contiene Gluten<\/p>\n<p><strong>Este producto pertenece a nuestra venta online a nivel nacional (env\u00edo \u00fanicamente a la pen\u00ednsula). Si desea consultar dicho producto para reparto en Le\u00f3n capital y su alfoz, entre en nuestra tienda online local. Gracias.<\/strong><\/p>\n<p>&nbsp;<\/p>\n","protected":false},"featured_media":1008,"template":"","meta":[],"product_cat":[70],"product_tag":[],"_links":{"self":[{"href":"https:\/\/confiteriasanvy.com\/nacional\/wp-json\/wp\/v2\/product\/1007"}],"collection":[{"href":"https:\/\/confiteriasanvy.com\/nacional\/wp-json\/wp\/v2\/product"}],"about":[{"href":"https:\/\/confiteriasanvy.com\/nacional\/wp-json\/wp\/v2\/types\/product"}],"wp:featuredmedia":[{"embeddable":true,"href":"https:\/\/confiteriasanvy.com\/nacional\/wp-json\/wp\/v2\/media\/1008"}],"wp:attachment":[{"href":"https:\/\/confiteriasanvy.com\/nacional\/wp-json\/wp\/v2\/media?parent=1007"}],"wp:term":[{"taxonomy":"product_cat","embeddable":true,"href":"https:\/\/confiteriasanvy.com\/nacional\/wp-json\/wp\/v2\/product_cat?post=1007"},{"taxonomy":"product_tag","embeddable":true,"href":"https:\/\/confiteriasanvy.com\/nacional\/wp-json\/wp\/v2\/product_tag?post=1007"}],"curies":[{"name":"wp","href":"https:\/\/api.w.org\/{rel}","templated":true}]}}