{"id":1003,"date":"2020-10-06T20:00:02","date_gmt":"2020-10-06T18:00:02","guid":{"rendered":"https:\/\/confiteriasanvy.com\/nacional\/?post_type=product&#038;p=1003"},"modified":"2022-11-18T12:37:13","modified_gmt":"2022-11-18T10:37:13","slug":"pasas_y_nueces_molde","status":"publish","type":"product","link":"https:\/\/confiteriasanvy.com\/nacional\/producto\/pasas_y_nueces_molde\/","title":{"rendered":"Pasas y nueces"},"content":{"rendered":"<p>[vc_row][vc_column][\/vc_column][\/vc_row]<\/p>\n","protected":false},"excerpt":{"rendered":"<p>Una mezcla perfecta de centeno y harina de trigo con pasas y nueces. Fermentado con masa madre.<\/p>\n<p>Este pan dulce y a la vez salado, perfecto para aquellos a los que les gustan los frutos secos.<\/p>\n<p>Su formato tipo molde, te permite cortarlo en rebanadas perfectamente definidas.<\/p>\n<p>Cada unidad tiene un peso aproximado de 600gr.<\/p>\n<p>Contiene Gluten y Frutos de C\u00e1scara<\/p>\n<p><strong>Este producto pertenece a nuestra venta online a nivel nacional (env\u00edo \u00fanicamente a la pen\u00ednsula). Si desea consultar dicho producto para reparto en Le\u00f3n capital y su alfoz, entre en nuestra tienda online local. Gracias.<\/strong><\/p>\n<p>&nbsp;<\/p>\n","protected":false},"featured_media":1004,"template":"","meta":[],"product_cat":[70],"product_tag":[],"_links":{"self":[{"href":"https:\/\/confiteriasanvy.com\/nacional\/wp-json\/wp\/v2\/product\/1003"}],"collection":[{"href":"https:\/\/confiteriasanvy.com\/nacional\/wp-json\/wp\/v2\/product"}],"about":[{"href":"https:\/\/confiteriasanvy.com\/nacional\/wp-json\/wp\/v2\/types\/product"}],"wp:featuredmedia":[{"embeddable":true,"href":"https:\/\/confiteriasanvy.com\/nacional\/wp-json\/wp\/v2\/media\/1004"}],"wp:attachment":[{"href":"https:\/\/confiteriasanvy.com\/nacional\/wp-json\/wp\/v2\/media?parent=1003"}],"wp:term":[{"taxonomy":"product_cat","embeddable":true,"href":"https:\/\/confiteriasanvy.com\/nacional\/wp-json\/wp\/v2\/product_cat?post=1003"},{"taxonomy":"product_tag","embeddable":true,"href":"https:\/\/confiteriasanvy.com\/nacional\/wp-json\/wp\/v2\/product_tag?post=1003"}],"curies":[{"name":"wp","href":"https:\/\/api.w.org\/{rel}","templated":true}]}}