{"id":172,"date":"2018-09-09T14:57:41","date_gmt":"2018-09-09T14:57:41","guid":{"rendered":"http:\/\/warethemes.com\/wordpress\/bready\/?page_id=172"},"modified":"2022-11-18T13:48:01","modified_gmt":"2022-11-18T11:48:01","slug":"home-1","status":"publish","type":"page","link":"https:\/\/confiteriasanvy.com\/nacional\/","title":{"rendered":"Inicio"},"content":{"rendered":"<p>[vc_row content_placement=&#8221;middle&#8221; css=&#8221;.vc_custom_1663345835624{background-color: #ffffff !important;}&#8221;][vc_column][\/vc_column][\/vc_row][vc_row el_class=&#8221;ps-awards&#8221;][vc_column][vc_row_inner css=&#8221;.vc_custom_1663345499285{margin-top: 20px !important;background-color: #545454 !important;}&#8221;][vc_column_inner width=&#8221;1\/2&#8243; css=&#8221;.vc_custom_1663345540584{padding-top: 30px !important;padding-right: 30px !important;padding-bottom: 30px !important;padding-left: 30px !important;background-color: #ffffff !important;}&#8221;]<div class=\"edgtf-iwt clearfix edgtf-iwt-icon-top edgtf-iwt-icon-medium\">\n\t<div class=\"edgtf-iwt-icon\">\n\t\t\t\t\t\t\t\t\t    <span class=\"edgtf-icon-shortcode edgtf-normal edgtf-icon-medium\"  data-color=\"#e1be64\">\n                    <i class=\"edgtf-icon-font-awesome fa fa-cart-plus edgtf-icon-element\" style=\"color: #e1be64\" ><\/i>            <\/span>\n\t\t\t\t\t\t<\/div>\n\t<div class=\"edgtf-iwt-content\" >\n\t\t\t\t\t<h4 class=\"edgtf-iwt-title\" style=\"color: #e1be64\">\n\t\t\t\t\t\t\t\t<span class=\"edgtf-iwt-title-text\">EST\u00c1S EN LA TIENDA DE ENV\u00cdOS NACIONALES<\/span>\n\t\t\t\t\t\t\t<\/h4>\n\t\t\t\t\t\t\t<p class=\"edgtf-iwt-text\" style=\"color: #ffffff\">Para que puedas degustar nuestros art\u00edculos en su punto \u00f3ptimo s\u00f3lo se realizar\u00e1n env\u00edos los lunes, martes, mi\u00e9rcoles y jueves<\/p>\n\t\t\t<\/div>\n<\/div>[vc_single_image image=&#8221;14621&#8243; img_size=&#8221;medium&#8221; alignment=&#8221;center&#8221;][\/vc_column_inner][vc_column_inner width=&#8221;1\/2&#8243; css=&#8221;.vc_custom_1663345574750{padding-top: 30px !important;padding-right: 30px !important;padding-bottom: 30px !important;padding-left: 30px !important;background-color: #a5a5a5 !important;}&#8221;]<div class=\"edgtf-iwt clearfix edgtf-iwt-icon-top edgtf-iwt-icon-medium\">\n\t<div class=\"edgtf-iwt-icon\">\n\t\t\t\t\t<a itemprop=\"url\" href=\"https:\/\/www.confiteriasanvy.com\" target=\"_self\">\n\t\t\t\t\t\t\t\t\t    <span class=\"edgtf-icon-shortcode edgtf-normal edgtf-icon-medium\"  data-color=\"#e1be64\">\n                    <i class=\"edgtf-icon-font-awesome fa fa-cart-plus edgtf-icon-element\" style=\"color: #e1be64\" ><\/i>            <\/span>\n\t\t\t\t\t\t\t\t<\/a>\n\t\t\t<\/div>\n\t<div class=\"edgtf-iwt-content\" >\n\t\t\t\t\t<h4 class=\"edgtf-iwt-title\" style=\"color: #e1be64\">\n\t\t\t\t\t\t\t\t\t<a itemprop=\"url\" href=\"https:\/\/www.confiteriasanvy.com\" target=\"_self\">\n\t\t\t\t\t\t\t\t<span class=\"edgtf-iwt-title-text\">SI QUIERES ENVIOS A LE\u00d3N CAPITAL<\/span>\n\t\t\t\t\t\t\t\t\t<\/a>\n\t\t\t\t\t\t\t<\/h4>\n\t\t\t\t\t\t\t<p class=\"edgtf-iwt-text\" style=\"color: #000000\">Los productos de esta secci\u00f3n solo est\u00e1n disponibles para env\u00edos a Le\u00f3n capital y alfoz.<\/p>\n\t\t\t<\/div>\n<\/div>[vc_single_image image=&#8221;14624&#8243; img_size=&#8221;medium&#8221; alignment=&#8221;center&#8221; onclick=&#8221;custom_link&#8221; link=&#8221;http:\/\/www.confiteriasanvy.com&#8221;][\/vc_column_inner][\/vc_row_inner][vc_row_inner content_placement=&#8221;middle&#8221; css=&#8221;.vc_custom_1602801121707{margin-top: 60px !important;margin-bottom: 60px !important;}&#8221;][vc_column_inner width=&#8221;1\/2&#8243;][vc_custom_heading text=&#8221;Panes Alemanes&#8221; font_container=&#8221;tag:h2|font_size:65|text_align:center&#8221; google_fonts=&#8221;font_family:Kaushan%20Script%3Aregular|font_style:400%20regular%3A400%3Anormal&#8221; link=&#8221;url:https%3A%2F%2Fconfiteriasanvy.com%2Fnacional%2Fcategorias%2Fpan-artesano%2F&#8221;][vc_empty_space][vc_single_image image=&#8221;1006&#8243; img_size=&#8221;400&#215;400&#8243; alignment=&#8221;center&#8221; style=&#8221;vc_box_circle_2&#8243;][\/vc_column_inner][vc_column_inner width=&#8221;1\/2&#8243;][vc_custom_heading text=&#8221;Navidad&#8221; font_container=&#8221;tag:h2|font_size:65|text_align:center&#8221; google_fonts=&#8221;font_family:Kaushan%20Script%3Aregular|font_style:400%20regular%3A400%3Anormal&#8221; link=&#8221;url:https%3A%2F%2Fconfiteriasanvy.com%2Fnacional%2Fcategorias%2Fnavidad%2F&#8221;][vc_empty_space][vc_single_image image=&#8221;12087&#8243; img_size=&#8221;400&#215;400&#8243; alignment=&#8221;center&#8221; style=&#8221;vc_box_circle_2&#8243; onclick=&#8221;custom_link&#8221; link=&#8221;https:\/\/confiteriasanvy.com\/nacional\/categorias\/navidad\/&#8221;][\/vc_column_inner][\/vc_row_inner][vc_row_inner][vc_column_inner width=&#8221;1\/6&#8243;][\/vc_column_inner][vc_column_inner width=&#8221;2\/3&#8243;][vc_column_text css=&#8221;.vc_custom_1663347374049{margin-top: 10px !important;margin-bottom: 10px !important;}&#8221;]<\/p>\n<p style=\"text-align: center;\"><span style=\"font-size: 14pt;\"><strong>Desde 1974 nuestra confiter\u00eda en Le\u00f3n ofrece productos tradicionales de la mas alta calidad. <\/strong><\/span><\/p>\n<p style=\"text-align: center;\"><span style=\"font-size: 14pt;\"><strong>\u00a1Ahora tambi\u00e9n puedes disfrutar de gran variedad de nuestros productos desde cualquier punto de la pen\u00ednsula!<\/strong><\/span><\/p>\n<p style=\"text-align: center;\"><span style=\"font-size: 18pt;\">\u00a1Descubre Confiter\u00eda Sanvy y disfruta de un mundo de sabores!<\/span><\/p>\n<p>[\/vc_column_text][\/vc_column_inner][vc_column_inner width=&#8221;1\/6&#8243;][\/vc_column_inner][\/vc_row_inner][vc_single_image image=&#8221;584&#8243; img_size=&#8221;full&#8221; alignment=&#8221;center&#8221;][\/vc_column][\/vc_row][vc_row full_width=&#8221;stretch_row&#8221; css=&#8221;.vc_custom_1602612932453{background-color: #ede8dc !important;}&#8221;][vc_column][vc_row_inner gap=&#8221;10&#8243; css=&#8221;.vc_custom_1602801153522{margin-bottom: 50px !important;padding-top: 50px !important;padding-bottom: 50px !important;}&#8221;][vc_column_inner width=&#8221;1\/4&#8243; css=&#8221;.vc_custom_1602801337877{padding-bottom: 30px !important;background-color: #f4f3ed !important;}&#8221;]<div class=\"edgtf-iwt clearfix edgtf-iwt-icon-top edgtf-iwt-icon-medium\">\n\t<div class=\"edgtf-iwt-icon\">\n\t\t\t\t\t\t\t\t\t    <span class=\"edgtf-icon-shortcode edgtf-normal edgtf-icon-medium\"  >\n                    <i class=\"edgtf-icon-ion-icon ion-cube edgtf-icon-element\" style=\"\" ><\/i>            <\/span>\n\t\t\t\t\t\t<\/div>\n\t<div class=\"edgtf-iwt-content\" >\n\t\t\t\t\t<h4 class=\"edgtf-iwt-title\" >\n\t\t\t\t\t\t\t\t<span class=\"edgtf-iwt-title-text\">ENV\u00cdOS EN 24 H<\/span>\n\t\t\t\t\t\t\t<\/h4>\n\t\t\t\t\t\t\t<p class=\"edgtf-iwt-text\" >De Lunes a Viernes (exceptuando festivos)<\/p>\n\t\t\t<\/div>\n<\/div>[\/vc_column_inner][vc_column_inner width=&#8221;1\/4&#8243; css=&#8221;.vc_custom_1602801332555{padding-bottom: 30px !important;background-color: #f4f3ed !important;}&#8221;]<div class=\"edgtf-iwt clearfix edgtf-iwt-icon-top edgtf-iwt-icon-medium\">\n\t<div class=\"edgtf-iwt-icon\">\n\t\t\t\t\t\t\t\t\t    <span class=\"edgtf-icon-shortcode edgtf-normal edgtf-icon-medium\"  >\n                    <i class=\"edgtf-icon-ion-icon ion-cash edgtf-icon-element\" style=\"\" ><\/i>            <\/span>\n\t\t\t\t\t\t<\/div>\n\t<div class=\"edgtf-iwt-content\" >\n\t\t\t\t\t<h4 class=\"edgtf-iwt-title\" >\n\t\t\t\t\t\t\t\t<span class=\"edgtf-iwt-title-text\">PEDIDO M\u00cdNIMO<\/span>\n\t\t\t\t\t\t\t<\/h4>\n\t\t\t\t\t\t\t<p class=\"edgtf-iwt-text\" >Nuestro pedido m\u00ednimo es de 15\u20ac<\/p>\n\t\t\t<\/div>\n<\/div>[\/vc_column_inner][vc_column_inner width=&#8221;1\/4&#8243; css=&#8221;.vc_custom_1602801326052{padding-bottom: 30px !important;background-color: #f4f3ed !important;}&#8221;]<div class=\"edgtf-iwt clearfix edgtf-iwt-icon-top edgtf-iwt-icon-medium\">\n\t<div class=\"edgtf-iwt-icon\">\n\t\t\t\t\t\t\t\t\t    <span class=\"edgtf-icon-shortcode edgtf-normal edgtf-icon-medium\"  >\n                    <i class=\"edgtf-icon-ion-icon ion-heart edgtf-icon-element\" style=\"\" ><\/i>            <\/span>\n\t\t\t\t\t\t<\/div>\n\t<div class=\"edgtf-iwt-content\" >\n\t\t\t\t\t<h4 class=\"edgtf-iwt-title\" >\n\t\t\t\t\t\t\t\t<span class=\"edgtf-iwt-title-text\">USAMOS PRODUCTOS DE KM 0<\/span>\n\t\t\t\t\t\t\t<\/h4>\n\t\t\t\t\t\t\t<p class=\"edgtf-iwt-text\" >Utilizamos productos de proximidad y de las mejores calidades<\/p>\n\t\t\t<\/div>\n<\/div>[\/vc_column_inner][vc_column_inner width=&#8221;1\/4&#8243; css=&#8221;.vc_custom_1602801320686{padding-bottom: 30px !important;background-color: #f4f3ed !important;}&#8221;]<div class=\"edgtf-iwt clearfix edgtf-iwt-icon-top edgtf-iwt-icon-medium\">\n\t<div class=\"edgtf-iwt-icon\">\n\t\t\t\t\t\t\t\t\t    <span class=\"edgtf-icon-shortcode edgtf-normal edgtf-icon-medium\"  >\n                    <i class=\"edgtf-icon-ion-icon ion-ribbon-a edgtf-icon-element\" style=\"\" ><\/i>            <\/span>\n\t\t\t\t\t\t<\/div>\n\t<div class=\"edgtf-iwt-content\" >\n\t\t\t\t\t<h4 class=\"edgtf-iwt-title\" >\n\t\t\t\t\t\t\t\t<span class=\"edgtf-iwt-title-text\">ARTESANOS 100%<\/span>\n\t\t\t\t\t\t\t<\/h4>\n\t\t\t\t\t\t\t<p class=\"edgtf-iwt-text\" >Elaboramos todos nuestros productos en nuestro obrador<\/p>\n\t\t\t<\/div>\n<\/div>[\/vc_column_inner][\/vc_row_inner][\/vc_column][\/vc_row][vc_row full_width=&#8221;stretch_row&#8221; content_placement=&#8221;middle&#8221;][vc_column]<div class=\"woocommerce columns-4 \"><ul class=\"products columns-4\">\n<li class=\"product type-product post-11940 status-publish first instock product_cat-cestas-gourmet product_cat-regalos has-post-thumbnail taxable shipping-taxable purchasable product-type-simple\">\n\t<div class=\"edgtf-pl-inner\"><div class=\"edgtf-pl-image\"><div class=\"edgtf-pl-text\"><div class=\"edgtf-pl-text-outer\"><div class=\"edgtf-pl-text-inner\"><\/div><\/div><\/div><\/div><a href=\"https:\/\/confiteriasanvy.com\/nacional\/producto\/la-hora-del-biermu\/\" class=\"woocommerce-LoopProduct-link woocommerce-loop-product__link\"><\/a><\/div><div class=\"edgtf-pl-text-wrapper\">\t\t\t<p class=\"edgtf-pl-category\"><a href=\"https:\/\/confiteriasanvy.com\/nacional\/categorias\/cestas-gourmet\/\" rel=\"tag\">Cestas gourmet<\/a>, <a href=\"https:\/\/confiteriasanvy.com\/nacional\/categorias\/regalos\/\" rel=\"tag\">Regalos<\/a><\/p>\n\t\t<h6 class=\"edgtf-product-list-title\"><a href=\"https:\/\/confiteriasanvy.com\/nacional\/producto\/la-hora-del-biermu\/\">La hora del Bierm\u00fa<\/a><\/h6>\n\t<span class=\"price\"><span class=\"woocommerce-Price-amount amount\"><bdi>40,00<span class=\"woocommerce-Price-currencySymbol\">&euro;<\/span><\/bdi><\/span><\/span>\n<\/div><\/li><li class=\"product type-product post-670 status-publish instock product_cat-bolleria has-post-thumbnail taxable shipping-taxable purchasable product-type-simple\">\n\t<div class=\"edgtf-pl-inner\"><div class=\"edgtf-pl-image\"><div class=\"edgtf-pl-text\"><div class=\"edgtf-pl-text-outer\"><div class=\"edgtf-pl-text-inner\"><\/div><\/div><\/div><\/div><a href=\"https:\/\/confiteriasanvy.com\/nacional\/producto\/croissant-de-mantequilla\/\" class=\"woocommerce-LoopProduct-link woocommerce-loop-product__link\"><\/a><\/div><div class=\"edgtf-pl-text-wrapper\">\t\t\t<p class=\"edgtf-pl-category\"><a href=\"https:\/\/confiteriasanvy.com\/nacional\/categorias\/bolleria\/\" rel=\"tag\">Boller\u00eda<\/a><\/p>\n\t\t<h6 class=\"edgtf-product-list-title\"><a href=\"https:\/\/confiteriasanvy.com\/nacional\/producto\/croissant-de-mantequilla\/\">Croissant de mantequilla<\/a><\/h6>\n\t<span class=\"price\"><span class=\"woocommerce-Price-amount amount\"><bdi>1,50<span class=\"woocommerce-Price-currencySymbol\">&euro;<\/span><\/bdi><\/span><\/span>\n<\/div><\/li><li class=\"product type-product post-1005 status-publish instock product_cat-panes-especiales has-post-thumbnail taxable shipping-taxable purchasable product-type-simple\">\n\t<div class=\"edgtf-pl-inner\"><div class=\"edgtf-pl-image\"><div class=\"edgtf-pl-text\"><div class=\"edgtf-pl-text-outer\"><div class=\"edgtf-pl-text-inner\"><\/div><\/div><\/div><\/div><a href=\"https:\/\/confiteriasanvy.com\/nacional\/producto\/pasas-y-nueces-hogaza\/\" class=\"woocommerce-LoopProduct-link woocommerce-loop-product__link\"><\/a><\/div><div class=\"edgtf-pl-text-wrapper\">\t\t\t<p class=\"edgtf-pl-category\"><a href=\"https:\/\/confiteriasanvy.com\/nacional\/categorias\/panes-especiales\/\" rel=\"tag\">Panes especiales<\/a><\/p>\n\t\t<h6 class=\"edgtf-product-list-title\"><a href=\"https:\/\/confiteriasanvy.com\/nacional\/producto\/pasas-y-nueces-hogaza\/\">Pasas y nueces (Hogaza)<\/a><\/h6>\n\t<span class=\"price\"><span class=\"woocommerce-Price-amount amount\"><bdi>3,90<span class=\"woocommerce-Price-currencySymbol\">&euro;<\/span><\/bdi><\/span><\/span>\n<\/div><\/li><li class=\"product type-product post-14581 status-publish last instock product_cat-navidad has-post-thumbnail taxable shipping-taxable purchasable product-type-simple\">\n\t<div class=\"edgtf-pl-inner\"><div class=\"edgtf-pl-image\"><div class=\"edgtf-pl-text\"><div class=\"edgtf-pl-text-outer\"><div class=\"edgtf-pl-text-inner\"><\/div><\/div><\/div><\/div><a href=\"https:\/\/confiteriasanvy.com\/nacional\/producto\/turron-de-ronchitos\/\" class=\"woocommerce-LoopProduct-link woocommerce-loop-product__link\"><\/a><\/div><div class=\"edgtf-pl-text-wrapper\">\t\t\t<p class=\"edgtf-pl-category\"><a href=\"https:\/\/confiteriasanvy.com\/nacional\/categorias\/navidad\/\" rel=\"tag\">Navidad<\/a><\/p>\n\t\t<h6 class=\"edgtf-product-list-title\"><a href=\"https:\/\/confiteriasanvy.com\/nacional\/producto\/turron-de-ronchitos\/\">Turron de Ronchitos<\/a><\/h6>\n\t<span class=\"price\"><span class=\"woocommerce-Price-amount amount\"><bdi>8,40<span class=\"woocommerce-Price-currencySymbol\">&euro;<\/span><\/bdi><\/span><\/span>\n<\/div><\/li><li class=\"product type-product post-1007 status-publish first instock product_cat-panes-especiales has-post-thumbnail taxable shipping-taxable purchasable product-type-simple\">\n\t<div class=\"edgtf-pl-inner\"><div class=\"edgtf-pl-image\"><div class=\"edgtf-pl-text\"><div class=\"edgtf-pl-text-outer\"><div class=\"edgtf-pl-text-inner\"><\/div><\/div><\/div><\/div><a href=\"https:\/\/confiteriasanvy.com\/nacional\/producto\/centeno\/\" class=\"woocommerce-LoopProduct-link woocommerce-loop-product__link\"><\/a><\/div><div class=\"edgtf-pl-text-wrapper\">\t\t\t<p class=\"edgtf-pl-category\"><a href=\"https:\/\/confiteriasanvy.com\/nacional\/categorias\/panes-especiales\/\" rel=\"tag\">Panes especiales<\/a><\/p>\n\t\t<h6 class=\"edgtf-product-list-title\"><a href=\"https:\/\/confiteriasanvy.com\/nacional\/producto\/centeno\/\">Centeno<\/a><\/h6>\n\t<span class=\"price\"><span class=\"woocommerce-Price-amount amount\"><bdi>3,90<span class=\"woocommerce-Price-currencySymbol\">&euro;<\/span><\/bdi><\/span><\/span>\n<\/div><\/li><li class=\"product type-product post-996 status-publish instock product_cat-panes-especiales has-post-thumbnail taxable shipping-taxable purchasable product-type-simple\">\n\t<div class=\"edgtf-pl-inner\"><div class=\"edgtf-pl-image\"><div class=\"edgtf-pl-text\"><div class=\"edgtf-pl-text-outer\"><div class=\"edgtf-pl-text-inner\"><\/div><\/div><\/div><\/div><a href=\"https:\/\/confiteriasanvy.com\/nacional\/producto\/pan_especial_bienestar\/\" class=\"woocommerce-LoopProduct-link woocommerce-loop-product__link\"><\/a><\/div><div class=\"edgtf-pl-text-wrapper\">\t\t\t<p class=\"edgtf-pl-category\"><a href=\"https:\/\/confiteriasanvy.com\/nacional\/categorias\/panes-especiales\/\" rel=\"tag\">Panes especiales<\/a><\/p>\n\t\t<h6 class=\"edgtf-product-list-title\"><a href=\"https:\/\/confiteriasanvy.com\/nacional\/producto\/pan_especial_bienestar\/\">Bienestar<\/a><\/h6>\n\t<span class=\"price\"><span class=\"woocommerce-Price-amount amount\"><bdi>3,30<span class=\"woocommerce-Price-currencySymbol\">&euro;<\/span><\/bdi><\/span><\/span>\n<\/div><\/li><li class=\"product type-product post-1000 status-publish instock product_cat-panes-especiales has-post-thumbnail taxable shipping-taxable purchasable product-type-simple\">\n\t<div class=\"edgtf-pl-inner\"><div class=\"edgtf-pl-image\"><div class=\"edgtf-pl-text\"><div class=\"edgtf-pl-text-outer\"><div class=\"edgtf-pl-text-inner\"><\/div><\/div><\/div><\/div><a href=\"https:\/\/confiteriasanvy.com\/nacional\/producto\/multicereales\/\" class=\"woocommerce-LoopProduct-link woocommerce-loop-product__link\"><\/a><\/div><div class=\"edgtf-pl-text-wrapper\">\t\t\t<p class=\"edgtf-pl-category\"><a href=\"https:\/\/confiteriasanvy.com\/nacional\/categorias\/panes-especiales\/\" rel=\"tag\">Panes especiales<\/a><\/p>\n\t\t<h6 class=\"edgtf-product-list-title\"><a href=\"https:\/\/confiteriasanvy.com\/nacional\/producto\/multicereales\/\">Multicereales<\/a><\/h6>\n\t<span class=\"price\"><span class=\"woocommerce-Price-amount amount\"><bdi>3,30<span class=\"woocommerce-Price-currencySymbol\">&euro;<\/span><\/bdi><\/span><\/span>\n<\/div><\/li><li class=\"product type-product post-14677 status-publish last instock product_cat-cestas-sorpresa product_cat-san-valentin has-post-thumbnail taxable shipping-taxable purchasable product-type-simple\">\n\t<div class=\"edgtf-pl-inner\"><div class=\"edgtf-pl-image\"><div class=\"edgtf-pl-text\"><div class=\"edgtf-pl-text-outer\"><div class=\"edgtf-pl-text-inner\"><\/div><\/div><\/div><\/div><a href=\"https:\/\/confiteriasanvy.com\/nacional\/producto\/brownie-del-amor-2\/\" class=\"woocommerce-LoopProduct-link woocommerce-loop-product__link\"><\/a><\/div><div class=\"edgtf-pl-text-wrapper\">\t\t\t<p class=\"edgtf-pl-category\"><a href=\"https:\/\/confiteriasanvy.com\/nacional\/categorias\/cestas-sorpresa\/\" rel=\"tag\">Cestas sorpresa<\/a>, <a href=\"https:\/\/confiteriasanvy.com\/nacional\/categorias\/san-valentin\/\" rel=\"tag\">San Valentin<\/a><\/p>\n\t\t<h6 class=\"edgtf-product-list-title\"><a href=\"https:\/\/confiteriasanvy.com\/nacional\/producto\/brownie-del-amor-2\/\">Brownie del amor<\/a><\/h6>\n\t<span class=\"price\"><span class=\"woocommerce-Price-amount amount\"><bdi>16,50<span class=\"woocommerce-Price-currencySymbol\">&euro;<\/span><\/bdi><\/span><\/span>\n<\/div><\/li><li class=\"product type-product post-14606 status-publish first instock product_cat-navidad has-post-thumbnail taxable shipping-taxable purchasable product-type-simple\">\n\t<div class=\"edgtf-pl-inner\"><div class=\"edgtf-pl-image\"><div class=\"edgtf-pl-text\"><div class=\"edgtf-pl-text-outer\"><div class=\"edgtf-pl-text-inner\"><\/div><\/div><\/div><\/div><a href=\"https:\/\/confiteriasanvy.com\/nacional\/producto\/polvoron-iberico-artesano\/\" class=\"woocommerce-LoopProduct-link woocommerce-loop-product__link\"><\/a><\/div><div class=\"edgtf-pl-text-wrapper\">\t\t\t<p class=\"edgtf-pl-category\"><a href=\"https:\/\/confiteriasanvy.com\/nacional\/categorias\/navidad\/\" rel=\"tag\">Navidad<\/a><\/p>\n\t\t<h6 class=\"edgtf-product-list-title\"><a href=\"https:\/\/confiteriasanvy.com\/nacional\/producto\/polvoron-iberico-artesano\/\">Polvor\u00f3n Ib\u00e9rico Artesano<\/a><\/h6>\n\t<span class=\"price\"><span class=\"woocommerce-Price-amount amount\"><bdi>5,10<span class=\"woocommerce-Price-currencySymbol\">&euro;<\/span><\/bdi><\/span><\/span>\n<\/div><\/li><li class=\"product type-product post-14684 status-publish instock product_cat-cestas-sorpresa product_cat-san-valentin has-post-thumbnail taxable shipping-taxable purchasable product-type-simple\">\n\t<div class=\"edgtf-pl-inner\"><div class=\"edgtf-pl-image\"><div class=\"edgtf-pl-text\"><div class=\"edgtf-pl-text-outer\"><div class=\"edgtf-pl-text-inner\"><\/div><\/div><\/div><\/div><a href=\"https:\/\/confiteriasanvy.com\/nacional\/producto\/palmera-kinder-con-mensaje\/\" class=\"woocommerce-LoopProduct-link woocommerce-loop-product__link\"><\/a><\/div><div class=\"edgtf-pl-text-wrapper\">\t\t\t<p class=\"edgtf-pl-category\"><a href=\"https:\/\/confiteriasanvy.com\/nacional\/categorias\/cestas-sorpresa\/\" rel=\"tag\">Cestas sorpresa<\/a>, <a href=\"https:\/\/confiteriasanvy.com\/nacional\/categorias\/san-valentin\/\" rel=\"tag\">San Valentin<\/a><\/p>\n\t\t<h6 class=\"edgtf-product-list-title\"><a href=\"https:\/\/confiteriasanvy.com\/nacional\/producto\/palmera-kinder-con-mensaje\/\">Palmera Kinder con mensaje<\/a><\/h6>\n\t<span class=\"price\"><span class=\"woocommerce-Price-amount amount\"><bdi>6,50<span class=\"woocommerce-Price-currencySymbol\">&euro;<\/span><\/bdi><\/span><\/span>\n<\/div><\/li><li class=\"product type-product post-14720 status-publish instock product_cat-navidad has-post-thumbnail taxable shipping-taxable purchasable product-type-simple\">\n\t<div class=\"edgtf-pl-inner\"><div class=\"edgtf-pl-image\"><div class=\"edgtf-pl-text\"><div class=\"edgtf-pl-text-outer\"><div class=\"edgtf-pl-text-inner\"><\/div><\/div><\/div><\/div><a href=\"https:\/\/confiteriasanvy.com\/nacional\/producto\/turron-de-almendra\/\" class=\"woocommerce-LoopProduct-link woocommerce-loop-product__link\"><\/a><\/div><div class=\"edgtf-pl-text-wrapper\">\t\t\t<p class=\"edgtf-pl-category\"><a href=\"https:\/\/confiteriasanvy.com\/nacional\/categorias\/navidad\/\" rel=\"tag\">Navidad<\/a><\/p>\n\t\t<h6 class=\"edgtf-product-list-title\"><a href=\"https:\/\/confiteriasanvy.com\/nacional\/producto\/turron-de-almendra\/\">Turron de almendra<\/a><\/h6>\n\t<span class=\"price\"><span class=\"woocommerce-Price-amount amount\"><bdi>8,40<span class=\"woocommerce-Price-currencySymbol\">&euro;<\/span><\/bdi><\/span><\/span>\n<\/div><\/li><li class=\"product type-product post-14724 status-publish last instock product_cat-navidad has-post-thumbnail taxable shipping-taxable purchasable product-type-simple\">\n\t<div class=\"edgtf-pl-inner\"><div class=\"edgtf-pl-image\"><div class=\"edgtf-pl-text\"><div class=\"edgtf-pl-text-outer\"><div class=\"edgtf-pl-text-inner\"><\/div><\/div><\/div><\/div><a href=\"https:\/\/confiteriasanvy.com\/nacional\/producto\/roscon-de-reyes\/\" class=\"woocommerce-LoopProduct-link woocommerce-loop-product__link\"><\/a><\/div><div class=\"edgtf-pl-text-wrapper\">\t\t\t<p class=\"edgtf-pl-category\"><a href=\"https:\/\/confiteriasanvy.com\/nacional\/categorias\/navidad\/\" rel=\"tag\">Navidad<\/a><\/p>\n\t\t<h6 class=\"edgtf-product-list-title\"><a href=\"https:\/\/confiteriasanvy.com\/nacional\/producto\/roscon-de-reyes\/\">Roscon de reyes<\/a><\/h6>\n\t<span class=\"price\"><span class=\"woocommerce-Price-amount amount\"><bdi>15,00<span class=\"woocommerce-Price-currencySymbol\">&euro;<\/span><\/bdi><\/span><\/span>\n<\/div><\/li><\/ul>\n<\/div>[\/vc_column][\/vc_row][vc_row full_width=&#8221;stretch_row&#8221; parallax=&#8221;content-moving&#8221; parallax_image=&#8221;551&#8243;][vc_column width=&#8221;1\/4&#8243;][\/vc_column][vc_column width=&#8221;1\/2&#8243; css=&#8221;.vc_custom_1602801071286{margin-top: 150px !important;margin-bottom: 150px !important;padding-top: 30px !important;padding-bottom: 30px !important;background-color: rgba(0,0,0,0.7) !important;background-position: center !important;background-repeat: no-repeat !important;background-size: contain !important;*background-color: rgb(0,0,0) !important;}&#8221;][vc_column_text]<\/p>\n<p style=\"text-align: center;\"><strong><span style=\"color: #ffffff;\">Confiter\u00eda Sanvy<\/span><\/strong><\/p>\n<p style=\"text-align: center;\"><span style=\"color: #ffffff;\">Calle Sacramento, 2 24003 Le\u00f3n (Espa\u00f1a)<\/span><\/p>\n<p style=\"text-align: center;\"><span style=\"color: #ffffff;\">info@confiteriasanvy.com<\/span><\/p>\n<p style=\"text-align: center;\"><span style=\"color: #ffffff;\">+34 987 23 19 50<\/span><\/p>\n<p>[\/vc_column_text][\/vc_column][vc_column width=&#8221;1\/4&#8243;][\/vc_column][\/vc_row]<\/p>\n","protected":false},"excerpt":{"rendered":"<p>[vc_row content_placement=&#8221;middle&#8221; css=&#8221;.vc_custom_1663345835624{background-color: #ffffff !important;}&#8221;][vc_column][\/vc_column][\/vc_row][vc_row el_class=&#8221;ps-awards&#8221;][vc_column][vc_row_inner css=&#8221;.vc_custom_1663345499285{margin-top: 20px !important;background-color: #545454 !important;}&#8221;][vc_column_inner width=&#8221;1\/2&#8243; css=&#8221;.vc_custom_1663345540584{padding-top: 30px !important;padding-right: 30px !important;padding-bottom: 30px !important;padding-left: 30px !important;background-color: #ffffff !important;}&#8221;][vc_single_image image=&#8221;14621&#8243; img_size=&#8221;medium&#8221; alignment=&#8221;center&#8221;][\/vc_column_inner][vc_column_inner width=&#8221;1\/2&#8243; css=&#8221;.vc_custom_1663345574750{padding-top: 30px !important;padding-right: 30px !important;padding-bottom: 30px !important;padding-left: 30px !important;background-color: #a5a5a5 !important;}&#8221;][vc_single_image image=&#8221;14624&#8243; img_size=&#8221;medium&#8221; [&hellip;]<\/p>\n","protected":false},"author":1,"featured_media":0,"parent":0,"menu_order":0,"comment_status":"closed","ping_status":"closed","template":"","meta":[],"_links":{"self":[{"href":"https:\/\/confiteriasanvy.com\/nacional\/wp-json\/wp\/v2\/pages\/172"}],"collection":[{"href":"https:\/\/confiteriasanvy.com\/nacional\/wp-json\/wp\/v2\/pages"}],"about":[{"href":"https:\/\/confiteriasanvy.com\/nacional\/wp-json\/wp\/v2\/types\/page"}],"author":[{"embeddable":true,"href":"https:\/\/confiteriasanvy.com\/nacional\/wp-json\/wp\/v2\/users\/1"}],"replies":[{"embeddable":true,"href":"https:\/\/confiteriasanvy.com\/nacional\/wp-json\/wp\/v2\/comments?post=172"}],"version-history":[{"count":62,"href":"https:\/\/confiteriasanvy.com\/nacional\/wp-json\/wp\/v2\/pages\/172\/revisions"}],"predecessor-version":[{"id":14709,"href":"https:\/\/confiteriasanvy.com\/nacional\/wp-json\/wp\/v2\/pages\/172\/revisions\/14709"}],"wp:attachment":[{"href":"https:\/\/confiteriasanvy.com\/nacional\/wp-json\/wp\/v2\/media?parent=172"}],"curies":[{"name":"wp","href":"https:\/\/api.w.org\/{rel}","templated":true}]}}