{"id":137,"date":"2018-09-04T14:53:34","date_gmt":"2018-09-04T12:53:34","guid":{"rendered":"http:\/\/warethemes.com\/wordpress\/bready\/?page_id=137"},"modified":"2022-11-18T13:56:45","modified_gmt":"2022-11-18T11:56:45","slug":"nosotros","status":"publish","type":"page","link":"https:\/\/confiteriasanvy.com\/nacional\/nosotros\/","title":{"rendered":"Nosotros"},"content":{"rendered":"<p>[vc_row with_container=&#8221;ps-container&#8221; el_class=&#8221;ps-about-intro&#8221;][vc_column][vc_row_inner][vc_column_inner][vc_empty_space][vc_column_text]<\/p>\n<h1><strong>Hola,\u00a0<\/strong><\/h1>\n<p>somos <strong>Alfonso, David y Mar\u00eda,<\/strong><\/p>\n<p>una peque\u00f1a familia al frente de <strong>Confiter\u00eda Sanvy.<\/strong><\/p>\n<p>Desde siempre hemos sido grandes amantes de la pasteler\u00eda, aunque la vida nos llev\u00f3 por otros caminos.<\/p>\n<p><strong>Alfonso, <\/strong>goloso por excelencia, y aprendiz de pastelero en su juventud, cambi\u00f3 el rodillo por la inform\u00e1tica durante gran parte de su vida; aunque nunca dej\u00f3 de hacer deliciosos postres para su familia. Y como la vida siempre te sorprende, volvi\u00f3 a sus or\u00edgenes, reconvirti\u00e9ndose en panadero y pastelero.<\/p>\n<p><strong>David,<\/strong> madrile\u00f1o de nacimiento, pero leon\u00e9s de coraz\u00f3n, comenz\u00f3 en la pasteler\u00eda &#8220;de rebote&#8221;, pero se ha convertido en el maestro pastelero de nuestro obrador. Elabora, vende y reparte gran parte de nuestras tartas y pasteles. Es un chico todoterreno!<\/p>\n<p><strong>Mar\u00eda,\u00a0<\/strong>amante de la pasteler\u00eda desde adolescente, no dudaba en elaborar todo tipo de postres siempre que pod\u00eda. La vida le hizo tomar otros caminos en cuanto a estudios se refiere , que sin saber, le llevaron cerca de la Bas\u00edlica de San Isidoro (siendo \u00e9ste su proyecto de fin de grado). La cual a\u00f1os despu\u00e9s se ve reflejada en nuestro logotipo. Elabora junto a su familia muchos de los productos que veis en nuestro escaparate (tanto dulces como salados), y se encarga de las redes sociales y la gesti\u00f3n de nuestra tienda online.<\/p>\n<p>Para nuestra formaci\u00f3n hemos contado siempre con la <strong>formaci\u00f3n y apoyo de Alberto P\u00e9rez, del Centro Saper,\u00a0<\/strong>gran maestro y amigo. Adem\u00e1s hemos ido a escuelas de gran prestigio como Le Cordon Bleu, Basque Culinary Center, Guzman Gastronom\u00eda, etc, d\u00f3nde grandes profesionales nos han ense\u00f1ado diferentes y nuevas t\u00e9cnicas de pasteler\u00eda.<\/p>\n<p><strong>Confiter\u00eda Sanvy<\/strong> nace en el a\u00f1o <strong>1973<\/strong> en la calle Ram\u00f3n y Cajal, con obrador propio y despacho.<\/p>\n<p>Y <strong>nosotros tomamos el mando<\/strong> de ella <strong>en 2013<\/strong>, aportando nuestros\u00a0 conocimientos y la experiencia con las nuevas tendencias y sabores.<\/p>\n<p>Nuestra filosof\u00eda ha sido siempre la de crear productos de confiter\u00eda, reposter\u00eda y pasteler\u00eda tradicionales, c<strong>uidando el detalle y la calidad<\/strong>, as\u00ed como la procedencia de las materias primas, apostando principalmente por <strong>productos de proximidad.<\/strong><\/p>\n<p>Gracias a esto, Confiter\u00eda Sanvy se ha convertido en un <strong>referente en<\/strong> la ciudad de <strong>Le\u00f3n.<\/strong>[\/vc_column_text][\/vc_column_inner][\/vc_row_inner][\/vc_column][\/vc_row][vc_row][vc_column][vc_empty_space][\/vc_column][\/vc_row][vc_row][vc_column][vc_row_inner][vc_column_inner width=&#8221;1\/3&#8243;][vc_single_image image=&#8221;579&#8243; img_size=&#8221;full&#8221;][\/vc_column_inner][vc_column_inner width=&#8221;1\/3&#8243;][vc_single_image image=&#8221;576&#8243; img_size=&#8221;full&#8221;][\/vc_column_inner][vc_column_inner width=&#8221;1\/3&#8243;][vc_single_image image=&#8221;584&#8243; img_size=&#8221;full&#8221;][\/vc_column_inner][\/vc_row_inner][\/vc_column][\/vc_row][vc_row][vc_column][vc_empty_space][\/vc_column][\/vc_row]<\/p>\n","protected":false},"excerpt":{"rendered":"<p>[vc_row with_container=&#8221;ps-container&#8221; el_class=&#8221;ps-about-intro&#8221;][vc_column][vc_row_inner][vc_column_inner][vc_empty_space][vc_column_text] Hola,\u00a0 somos Alfonso, David y Mar\u00eda, una peque\u00f1a familia al frente de Confiter\u00eda Sanvy. Desde siempre hemos sido grandes amantes de la pasteler\u00eda, aunque la vida nos llev\u00f3 por otros caminos. Alfonso, goloso por excelencia, y aprendiz [&hellip;]<\/p>\n","protected":false},"author":1,"featured_media":0,"parent":0,"menu_order":0,"comment_status":"closed","ping_status":"closed","template":"","meta":[],"_links":{"self":[{"href":"https:\/\/confiteriasanvy.com\/nacional\/wp-json\/wp\/v2\/pages\/137"}],"collection":[{"href":"https:\/\/confiteriasanvy.com\/nacional\/wp-json\/wp\/v2\/pages"}],"about":[{"href":"https:\/\/confiteriasanvy.com\/nacional\/wp-json\/wp\/v2\/types\/page"}],"author":[{"embeddable":true,"href":"https:\/\/confiteriasanvy.com\/nacional\/wp-json\/wp\/v2\/users\/1"}],"replies":[{"embeddable":true,"href":"https:\/\/confiteriasanvy.com\/nacional\/wp-json\/wp\/v2\/comments?post=137"}],"version-history":[{"count":11,"href":"https:\/\/confiteriasanvy.com\/nacional\/wp-json\/wp\/v2\/pages\/137\/revisions"}],"predecessor-version":[{"id":14719,"href":"https:\/\/confiteriasanvy.com\/nacional\/wp-json\/wp\/v2\/pages\/137\/revisions\/14719"}],"wp:attachment":[{"href":"https:\/\/confiteriasanvy.com\/nacional\/wp-json\/wp\/v2\/media?parent=137"}],"curies":[{"name":"wp","href":"https:\/\/api.w.org\/{rel}","templated":true}]}}